{"id":19,"date":"2024-08-10T20:53:00","date_gmt":"2024-08-10T18:53:00","guid":{"rendered":"https:\/\/rppconnect.org\/?page_id=19"},"modified":"2025-04-03T20:46:38","modified_gmt":"2025-04-03T18:46:38","slug":"qui-sommes-nous","status":"publish","type":"page","link":"https:\/\/rppconnect.org\/?page_id=19","title":{"rendered":"Qui sommes nous"},"content":{"rendered":"\n<p>Le Rassemblement populaire pour le progr\u00e8s est un mouvement profond\u00e9ment humaniste. Il fait siennes les valeurs d&#8217;unit\u00e9, d&#8217;\u00e9galit\u00e9 et de fraternit\u00e9 ch\u00e8res \u00e0 notre patrie.<\/p>\n\n\n\n<p>H\u00e9ritier des mouvements ind\u00e9pendantistes qui ont combattu l&#8217;humiliation et \u0153uvr\u00e9 pour le respect de la dignit\u00e9 de la personne humaine, le Rassemblement populaire pour le progr\u00e8s d\u00e9fend le projet d&#8217;une nation unie et solidaire, fi\u00e8re de ses origines, riche de sa diversit\u00e9 et confiante en son avenir.<\/p>\n\n\n\n<p>Le Rassemblement populaire pour le progr\u00e8s revendique sa place de premi\u00e8re formation politique du pays. Cr\u00e9\u00e9 en 1979, deux ann\u00e9es seulement apr\u00e8s la naissance de la R\u00e9publique de Djibouti, son histoire se confond avec celle du pays.<\/p>\n\n\n\n<p>Les membres fondateurs de ce mouvement ont \u00e9galement eu l&#8217;immense privil\u00e8ge de pr\u00e9sider \u00e0 la destin\u00e9e de ce pays. Ils ont assum\u00e9 les impatiences de leur population, jet\u00e9 les bases de la jeune R\u00e9publique et g\u00e9r\u00e9 la difficile transition \u00e0 laquelle se trouve confront\u00e9 tout \u00c9tat nouvellement ind\u00e9pendant.<\/p>\n\n\n\n<p>M\u00fb par des ann\u00e9es d&#8217;exp\u00e9rience de parti au pouvoir, le Rassemblement populaire pour le progr\u00e8s a dot\u00e9 le pays de sa Constitution, loi fondamentale toujours en vigueur.<\/p>\n\n\n\n<p>Parce qu&#8217;il est convaincu des id\u00e9aux d\u00e9mocratiques, le Rassemblement populaire pour le progr\u00e8s a progressivement instaur\u00e9 le multipartisme dans le pays. C&#8217;est \u00e9galement le parti qui a initi\u00e9 puis scell\u00e9 la r\u00e9conciliation nationale qui fait aujourd&#8217;hui la fiert\u00e9 de tous les Djiboutiens. C&#8217;est enfin le parti de l&#8217;\u00e9mancipation de la femme djiboutienne et de la lutte contre toutes les formes de discrimination fond\u00e9es sur le genre.<\/p>\n\n\n\n<p>Les id\u00e9aux qui pr\u00e9valaient lors de la cr\u00e9ation de ce mouvement sont toujours d&#8217;actualit\u00e9. Parce que la construction d&#8217;un pays sera toujours un projet inachev\u00e9, le Rassemblement populaire pour le progr\u00e8s ne cessera d&#8217;\u0153uvrer en vue de l&#8217;\u00e9mergence d&#8217;une soci\u00e9t\u00e9 plus juste et d&#8217;un d\u00e9veloppement \u00e9conomique harmonieux et respectueux de l&#8217;environnement.<\/p>\n\n\n\n<p class=\"has-medium-font-size\"><strong>Le sens de notre engagement<\/strong><\/p>\n\n\n\n<p>Nous croyons fermement en la force de l&#8217;engagement politique au service de nos concitoyens.<\/p>\n\n\n\n<p>Nous aimons passionn\u00e9ment notre pays et souhaitons sa prosp\u00e9rit\u00e9 et son d\u00e9veloppement. Nous sommes donc membres du Rassemblement populaire pour le progr\u00e8s, l&#8217;organisation politique qui s&#8217;est faite le devoir de r\u00e9pondre \u00e0 toutes ses exigences.<\/p>\n\n\n\n<p>Le Rassemblement populaire pour le progr\u00e8s est une formation politique forte et populaire \u00e0 la fois. R\u00e9solument tourn\u00e9 vers l&#8217;avenir, notre parti est ouvert \u00e0 tous les Djiboutiens qui veulent servir leur pays avec courage, droiture et abn\u00e9gation.<\/p>\n\n\n\n<p>Notre ambition est de permettre \u00e0 chaque citoyen, quelles que soient son origine, son parcours ou ses positions dans la soci\u00e9t\u00e9, de contribuer \u00e0 l&#8217;effort de construction nationale.<\/p>\n\n\n\n<p>Parce que nous croyons en notre pays et en ses chances de r\u00e9ussite, le Rassemblement populaire pour le progr\u00e8s est une r\u00e9ponse \u00e0 tous ceux qui souhaitent donner un sens \u00e0 leur engagement citoyen.<\/p>\n\n\n\n<p class=\"has-medium-font-size\"><strong>Nos valeurs<\/strong><\/p>\n\n\n\n<p>Notre projet politique repose sur des valeurs fondamentales qui inspirent et donnent un sens \u00e0 notre engagement.<\/p>\n\n\n\n<p>C&#8217;est tout d&#8217;abord la dignit\u00e9 de la personne humaine et le respect de ses droits fondamentaux tels que nous l&#8217;enseignent nos valeurs islamiques et nos traditions africaines.<\/p>\n\n\n\n<p>C&#8217;est la libert\u00e9 et son corollaire l&#8217;\u00e9galit\u00e9 que nous consacrons et que nous appr\u00e9cions \u00e0 leur juste valeur : l&#8217;\u00e9galit\u00e9 des droits et des devoirs, la libert\u00e9 d&#8217;expression, de culte, d&#8217;opinion et d&#8217;association pour ne citer que celles-l\u00e0.<\/p>\n\n\n\n<p>C&#8217;est ensuite le progr\u00e8s, synonyme d&#8217;am\u00e9lioration des conditions de vie \u00e0 travers le travail. Valeur fondamentale, le travail constitue un moyen individuel et collectif d&#8217;insertion, de reconnaissance et surtout un moyen de garder sa dignit\u00e9. Le Rassemblement populaire pour le progr\u00e8s promeut le travail et le sens de l&#8217;effort qui sont la base de toute cr\u00e9ation d&#8217;activit\u00e9 et de richesse.<\/p>\n\n\n\n<p>C&#8217;est \u00e9galement la reconnaissance du m\u00e9rite, indicateur infaillible d&#8217;une soci\u00e9t\u00e9 qui avance et progresse.<\/p>\n\n\n\n<p>C&#8217;est aussi la responsabilit\u00e9 qui s&#8217;exerce d&#8217;abord avec soi-m\u00eame, cette responsabilit\u00e9 qui exige le respect de la l\u00e9galit\u00e9 et de la morale et qui nous fait prendre conscience des droits et des devoirs \u00e0 l&#8217;\u00e9gard de notre communaut\u00e9.<\/p>\n\n\n\n<p>C&#8217;est enfin l&#8217;unit\u00e9 de la nation djiboutienne qui nous fait refuser et combattre le communautarisme, l&#8217;in\u00e9galit\u00e9 entre les hommes et les femmes et toutes les formes d&#8217;extr\u00e9mismes qui ont tendance \u00e0 enfermer les individus dans une appartenance \u00e0 des groupes autres que la communaut\u00e9 nationale.<\/p>\n\n\n\n<p class=\"has-medium-font-size\"><strong>Notre m\u00e9thode<\/strong><\/p>\n\n\n\n<p>Le Rassemblement populaire pour le progr\u00e8s adopte une approche singuli\u00e8re ax\u00e9e sur la mise en pratique des principes suivants :<\/p>\n\n\n\n<p><em><strong><mark style=\"background-color:rgba(0, 0, 0, 0)\" class=\"has-inline-color has-vivid-green-cyan-color\">L&#8217;\u00e9coute, la compr\u00e9hension, l&#8217;\u00e9change et le respect<\/mark><\/strong><\/em><\/p>\n\n\n\n<p>La soci\u00e9t\u00e9 djiboutienne a profond\u00e9ment \u00e9volu\u00e9 depuis la cr\u00e9ation du parti. Si nos concitoyens se satisfaisaient nagu\u00e8re de l&#8217;ind\u00e9pendance ch\u00e8rement acquise, ce n&#8217;est pas le cas des jeunes g\u00e9n\u00e9rations qui revendiquent leur place, ont de nouvelles attentes et font montre de leur impatience.<\/p>\n\n\n\n<p>Notre devoir est d&#8217;apporter des r\u00e9ponses si nous voulons gagner le pari de l&#8217;avenir. Les qualit\u00e9s suivantes sont requises des hommes politiques en g\u00e9n\u00e9ral et de ceux du Rassemblement populaire pour le progr\u00e8s en particulier :<\/p>\n\n\n\n<ul class=\"wp-block-list\">\n<li>\u00catre \u00e0 l&#8217;\u00e9coute de toutes les composantes de la population djiboutienne pour comprendre les r\u00e9alit\u00e9s dans lesquelles elles vivent ;<\/li>\n\n\n\n<li>\u00c9changer avec un esprit ouvert et respectueux des divergences d&#8217;opinion.<\/li>\n<\/ul>\n\n\n\n<p class=\"has-medium-font-size\"><strong>L&#8217;anticipation, la d\u00e9cision et l&#8217;action<\/strong><\/p>\n\n\n\n<p>Un parti politique digne de ce nom se projette dans l&#8217;avenir. Il doit avoir le sens de l&#8217;anticipation qui lui permettra de discerner les probl\u00e8mes de demain pour envisager des solutions d\u00e8s aujourd&#8217;hui.<\/p>\n\n\n\n<p>Apr\u00e8s m\u00fbre r\u00e9flexion, vient le moment de la d\u00e9cision et de l&#8217;action. Le Rassemblement populaire pour le progr\u00e8s est connu pour dire ce qu&#8217;il pense et faire ce qu&#8217;il dit. Il est r\u00e9solument d\u00e9termin\u00e9 \u00e0 agir pour faire pr\u00e9valoir l&#8217;int\u00e9r\u00eat g\u00e9n\u00e9ral.<\/p>\n\n\n\n<p>C&#8217;est autour de ces principes que nous souhaitons rassembler le plus grand nombre de Djiboutiens pour construire ensemble la R\u00e9publique de Djibouti dont nous pourrons \u00eatre fiers : une R\u00e9publique forte, juste&nbsp;et&nbsp;en&nbsp;progr\u00e8s.<\/p>\n","protected":false},"excerpt":{"rendered":"<p>Le Rassemblement populaire pour le progr\u00e8s est un mouvement profond\u00e9ment humaniste. Il fait siennes les valeurs d&#8217;unit\u00e9, d&#8217;\u00e9galit\u00e9 et de fraternit\u00e9 ch\u00e8res \u00e0 notre patrie. H\u00e9ritier des mouvements ind\u00e9pendantistes qui ont combattu l&#8217;humiliation et \u0153uvr\u00e9 pour le respect de la dignit\u00e9 de la personne humaine, le Rassemblement populaire pour le progr\u00e8s d\u00e9fend le projet d&#8217;une [&hellip;]<\/p>\n","protected":false},"author":1,"featured_media":11,"parent":0,"menu_order":0,"comment_status":"closed","ping_status":"closed","template":"","meta":{"_monsterinsights_skip_tracking":false,"_monsterinsights_sitenote_active":false,"_monsterinsights_sitenote_note":"","_monsterinsights_sitenote_category":0,"footnotes":""},"class_list":["post-19","page","type-page","status-publish","has-post-thumbnail","hentry"],"_links":{"self":[{"href":"https:\/\/rppconnect.org\/index.php?rest_route=\/wp\/v2\/pages\/19","targetHints":{"allow":["GET"]}}],"collection":[{"href":"https:\/\/rppconnect.org\/index.php?rest_route=\/wp\/v2\/pages"}],"about":[{"href":"https:\/\/rppconnect.org\/index.php?rest_route=\/wp\/v2\/types\/page"}],"author":[{"embeddable":true,"href":"https:\/\/rppconnect.org\/index.php?rest_route=\/wp\/v2\/users\/1"}],"replies":[{"embeddable":true,"href":"https:\/\/rppconnect.org\/index.php?rest_route=%2Fwp%2Fv2%2Fcomments&post=19"}],"version-history":[{"count":4,"href":"https:\/\/rppconnect.org\/index.php?rest_route=\/wp\/v2\/pages\/19\/revisions"}],"predecessor-version":[{"id":272,"href":"https:\/\/rppconnect.org\/index.php?rest_route=\/wp\/v2\/pages\/19\/revisions\/272"}],"wp:featuredmedia":[{"embeddable":true,"href":"https:\/\/rppconnect.org\/index.php?rest_route=\/wp\/v2\/media\/11"}],"wp:attachment":[{"href":"https:\/\/rppconnect.org\/index.php?rest_route=%2Fwp%2Fv2%2Fmedia&parent=19"}],"curies":[{"name":"wp","href":"https:\/\/api.w.org\/{rel}","templated":true}]}}