{"id":22,"date":"2024-08-10T20:53:00","date_gmt":"2024-08-10T18:53:00","guid":{"rendered":"https:\/\/rppconnect.org\/?page_id=22"},"modified":"2024-09-19T21:41:04","modified_gmt":"2024-09-19T19:41:04","slug":"evenements","status":"publish","type":"page","link":"https:\/\/rppconnect.org\/?page_id=22","title":{"rendered":"\u00c9venements"},"content":{"rendered":"\n<p>Retrouvez ici tous les \u00e9v\u00e9nements organis\u00e9s par notre parti, qu&#8217;ils soient locaux ou nationaux. Que ce soit des rassemblements publics, des ateliers, des d\u00e9bats ou des rencontres avec les citoyens, nous vous invitons \u00e0 participer activement \u00e0 la vie de notre mouvement. Ces \u00e9v\u00e9nements sont l&#8217;occasion de vous exprimer, d&#8217;\u00e9changer des id\u00e9es, et de construire ensemble l&#8217;avenir de notre pays. Rejoignez-nous lors de nos prochains rendez-vous et soyez acteur du changement !<\/p>\n\n\n\n<hr class=\"wp-block-separator has-alpha-channel-opacity\"\/>\n\n\n<ul class=\"wp-block-latest-posts__list wp-block-latest-posts\"><\/ul>\n\n\n<p><\/p>\n","protected":false},"excerpt":{"rendered":"<p>Retrouvez ici tous les \u00e9v\u00e9nements organis\u00e9s par notre parti, qu&#8217;ils soient locaux ou nationaux. Que ce soit des rassemblements publics, des ateliers, des d\u00e9bats ou des rencontres avec les citoyens, nous vous invitons \u00e0 participer activement \u00e0 la vie de notre mouvement. Ces \u00e9v\u00e9nements sont l&#8217;occasion de vous exprimer, d&#8217;\u00e9changer des id\u00e9es, et de construire [&hellip;]<\/p>\n","protected":false},"author":1,"featured_media":62,"parent":0,"menu_order":0,"comment_status":"closed","ping_status":"closed","template":"","meta":{"_monsterinsights_skip_tracking":false,"_monsterinsights_sitenote_active":false,"_monsterinsights_sitenote_note":"","_monsterinsights_sitenote_category":0,"footnotes":""},"class_list":["post-22","page","type-page","status-publish","has-post-thumbnail","hentry"],"_links":{"self":[{"href":"https:\/\/rppconnect.org\/index.php?rest_route=\/wp\/v2\/pages\/22","targetHints":{"allow":["GET"]}}],"collection":[{"href":"https:\/\/rppconnect.org\/index.php?rest_route=\/wp\/v2\/pages"}],"about":[{"href":"https:\/\/rppconnect.org\/index.php?rest_route=\/wp\/v2\/types\/page"}],"author":[{"embeddable":true,"href":"https:\/\/rppconnect.org\/index.php?rest_route=\/wp\/v2\/users\/1"}],"replies":[{"embeddable":true,"href":"https:\/\/rppconnect.org\/index.php?rest_route=%2Fwp%2Fv2%2Fcomments&post=22"}],"version-history":[{"count":4,"href":"https:\/\/rppconnect.org\/index.php?rest_route=\/wp\/v2\/pages\/22\/revisions"}],"predecessor-version":[{"id":123,"href":"https:\/\/rppconnect.org\/index.php?rest_route=\/wp\/v2\/pages\/22\/revisions\/123"}],"wp:featuredmedia":[{"embeddable":true,"href":"https:\/\/rppconnect.org\/index.php?rest_route=\/wp\/v2\/media\/62"}],"wp:attachment":[{"href":"https:\/\/rppconnect.org\/index.php?rest_route=%2Fwp%2Fv2%2Fmedia&parent=22"}],"curies":[{"name":"wp","href":"https:\/\/api.w.org\/{rel}","templated":true}]}}