{"id":291,"date":"2025-04-05T14:21:30","date_gmt":"2025-04-05T12:21:30","guid":{"rendered":"https:\/\/rppconnect.org\/?page_id=291"},"modified":"2025-04-08T20:03:42","modified_gmt":"2025-04-08T18:03:42","slug":"historique","status":"publish","type":"page","link":"https:\/\/rppconnect.org\/?page_id=291","title":{"rendered":"Historique"},"content":{"rendered":"\n<p>Cr\u00e9\u00e9 \u00e0 Dikhil, la ville de l\u2019Unit\u00e9 le 4 mars 1979, le Rassemblement Populaire pour le Progr\u00e8s ou RPP de son acronyme, est un Parti politique progressiste qui a pour vocation de rassembler le plus grand nombre de djiboutiens. Actuelement le partie est dirig\u00e9 par le pr\u00e9sident de la Republique SE IOG qui a impuls\u00e9 un nouveau soufle avec la modernisation dest differente stricture du parti . <\/p>\n\n\n\n<p>H\u00e9ritier des Mouvements nationaux qui ont lutt\u00e9 pour l\u2019ind\u00e9pendance nationale. Le Rassemblement Populaire pour le Progr\u00e8s a, d\u00e8s sa cr\u00e9ation en 1979 su unir et int\u00e9grer en son sein toutes les forces vives de la Nation. Il a ainsi fait sa priorit\u00e9 la consolidation de l\u2019Unit\u00e9 Nationale tout en \u00e9tant l\u2019artisan des r\u00e9alisations \u00e9conomiques et sociales qu\u2019a connues notre pays depuis son accession \u00e0 l\u2019ind\u00e9pendance.Fort de cette exp\u00e9rience, notre Parti amorce une mutation qui doit lui permettre de continuer le combat pour vaincre le sous-d\u00e9veloppement et pour satisfaire les aspirations de la population vers un mieux \u00eatre social. Ses actions actuelles et futures s\u2019inscriront dans le cadre de nouvelles institutions d\u00e9mocratiques et du multipartisme.Le Rassemblement Populaire pour le Progr\u00e8s s\u2019engage \u00e0 rapprocher et \u00e0 attirer les populations \u00e0 une plus grande adh\u00e9sion aux valeurs et id\u00e9aux d\u00e9fendus par notre formation politique.<\/p>\n","protected":false},"excerpt":{"rendered":"<p>Cr\u00e9\u00e9 \u00e0 Dikhil, la ville de l\u2019Unit\u00e9 le 4 mars 1979, le Rassemblement Populaire pour le Progr\u00e8s ou RPP de son acronyme, est un Parti politique progressiste qui a pour vocation de rassembler le plus grand nombre de djiboutiens. Actuelement le partie est dirig\u00e9 par le pr\u00e9sident de la Republique SE IOG qui a impuls\u00e9 [&hellip;]<\/p>\n","protected":false},"author":1,"featured_media":0,"parent":0,"menu_order":0,"comment_status":"closed","ping_status":"closed","template":"","meta":{"_monsterinsights_skip_tracking":false,"_monsterinsights_sitenote_active":false,"_monsterinsights_sitenote_note":"","_monsterinsights_sitenote_category":0,"footnotes":""},"class_list":["post-291","page","type-page","status-publish","hentry"],"_links":{"self":[{"href":"https:\/\/rppconnect.org\/index.php?rest_route=\/wp\/v2\/pages\/291","targetHints":{"allow":["GET"]}}],"collection":[{"href":"https:\/\/rppconnect.org\/index.php?rest_route=\/wp\/v2\/pages"}],"about":[{"href":"https:\/\/rppconnect.org\/index.php?rest_route=\/wp\/v2\/types\/page"}],"author":[{"embeddable":true,"href":"https:\/\/rppconnect.org\/index.php?rest_route=\/wp\/v2\/users\/1"}],"replies":[{"embeddable":true,"href":"https:\/\/rppconnect.org\/index.php?rest_route=%2Fwp%2Fv2%2Fcomments&post=291"}],"version-history":[{"count":2,"href":"https:\/\/rppconnect.org\/index.php?rest_route=\/wp\/v2\/pages\/291\/revisions"}],"predecessor-version":[{"id":409,"href":"https:\/\/rppconnect.org\/index.php?rest_route=\/wp\/v2\/pages\/291\/revisions\/409"}],"wp:attachment":[{"href":"https:\/\/rppconnect.org\/index.php?rest_route=%2Fwp%2Fv2%2Fmedia&parent=291"}],"curies":[{"name":"wp","href":"https:\/\/api.w.org\/{rel}","templated":true}]}}