{"id":293,"date":"2025-04-05T14:21:53","date_gmt":"2025-04-05T12:21:53","guid":{"rendered":"https:\/\/rppconnect.org\/?page_id=293"},"modified":"2025-04-08T14:53:27","modified_gmt":"2025-04-08T12:53:27","slug":"vision-du-parti","status":"publish","type":"page","link":"https:\/\/rppconnect.org\/?page_id=293","title":{"rendered":"Vision et Ambitions"},"content":{"rendered":"\n<p class=\"has-medium-font-size\"><strong>Vision et Ambitions du Rassemblement Populaire pour le Progr\u00e8s et de son Pr\u00e9sident S.E. M. Ismail Omar Guelleh<\/strong><\/p>\n\n\n\n<p>Le Rassemblement Populaire pour le Progr\u00e8s (RPP), h\u00e9ritier des mouvements nationaux qui ont vaillamment lutt\u00e9 pour l\u2019ind\u00e9pendance de notre patrie, a, depuis sa cr\u00e9ation en 1979, su unir et int\u00e9grer toutes les forces vives de la Nation. Ce Parti ne s&#8217;est pas content\u00e9 de revendiquer la libert\u00e9 ; il en a fait sa mission d&#8217;\u00eatre le garant de l\u2019Unit\u00e9 Nationale, tout en jouant le r\u00f4le d&#8217;artisan des r\u00e9alisations \u00e9conomiques et sociales qui ont transform\u00e9 notre pays depuis son accession \u00e0 l&#8217;ind\u00e9pendance.<\/p>\n\n\n\n<p>Aujourd&#8217;hui, fort de cette riche exp\u00e9rience, le RPP amorce une mutation ambitieuse qui lui permettra de poursuivre son combat pour vaincre le sous-d\u00e9veloppement et satisfaire les aspirations l\u00e9gitimes de notre population \u00e0 un mieux-\u00eatre social. Dans cette dynamique, nos actions pr\u00e9sentes et futures s\u2019inscriront dans le cadre de nouvelles institutions d\u00e9mocratiques, respectueuses du multipartisme et fond\u00e9es sur le dialogue inclusif. Nous nous engageons \u00e0 apporter des r\u00e9ponses justes et adapt\u00e9es aux attentes des Djiboutiens, en d\u00e9fendant avec force les libert\u00e9s fondamentales et la d\u00e9mocratie. Notre Parti se veut \u00eatre \u00e0 la pointe de la d\u00e9fense des droits de l\u2019Homme, tout en restant fid\u00e8le aux valeurs fondamentales de l\u2019Islam, que nous reconnaissons et int\u00e9grons dans notre vision.<\/p>\n\n\n\n<p>Dans le domaine \u00e9conomique et social, le RPP s&#8217;attachera \u00e0 promouvoir une \u00e9conomie lib\u00e9rale dynamique, centr\u00e9e sur le d\u00e9veloppement du secteur des services ainsi que sur des secteurs productifs strat\u00e9giques tels que l&#8217;industrie, la p\u00eache et l&#8217;agriculture. Nous reconnaissons l&#8217;importance cruciale de soutenir les initiatives priv\u00e9es, catalyseurs du d\u00e9veloppement \u00e9conomique du pays. \u00c0 ce titre, nous nous engagerons activement dans toutes les activit\u00e9s de recherche et de prospection des ressources naturelles, \u00e9l\u00e9ment vital pour notre croissance. Cela nous permettra de diversifier notre \u00e9conomie, de cr\u00e9er des emplois et d&#8217;offrir de r\u00e9elles opportunit\u00e9s \u00e0 notre jeunesse.<\/p>\n\n\n\n<p>Parall\u00e8lement \u00e0 ces ambitions \u00e9conomiques, nous d\u00e9ploierons des efforts significatifs pour achever la mise en place des infrastructures de base, v\u00e9ritables piliers du d\u00e9veloppement durable. Ces infrastructures permettront non seulement d\u2019am\u00e9liorer les conditions de vie de nos concitoyens, mais aussi de drainer les investissements n\u00e9cessaires pour b\u00e2tir un Djibouti prosp\u00e8re et comp\u00e9titif sur la sc\u00e8ne r\u00e9gionale et internationale.<\/p>\n\n\n\n<p>La diplomatie Djiboutienne est caract\u00e9ris\u00e9e par son r\u00f4le strat\u00e9gique et son influence croissante dans la r\u00e9gion de la Corne de l&#8217;Afrique. En effet, notre modeste pays de par sa taille joue n\u00e9anmoins le r\u00f4le d\u2019une \u00ab&nbsp;diplomatie de g\u00e9ant&nbsp;\u00bb selon l\u2019expression d\u2019une chercheure fran\u00e7aise gr\u00e2ce entre autres \u00e0 sa position strat\u00e9gique, \u00e0 une stabilit\u00e9 remarquable et \u00e0 une culture de paix ch\u00e8re \u00e0 ses dirigeants et \u00e0 son peuple. Notre pays est, par ailleurs, amen\u00e9 \u00e0 assumer un leadership r\u00e9gional car l\u2019\u00e9lection de Mahamoud Ali Youssouf \u00e0 la t\u00eate de la Commission de l&#8217;Union Africaine t\u00e9moigne de la reconnaissance de Djibouti comme un acteur cl\u00e9 dans les affaires africaines. Cela renforce aussi l\u2019ancrage panafricain de notre diplomatie au vue de son engagement envers les objectifs continentaux, dans la r\u00e9solution des conflits et le d\u00e9veloppement durable. Enfin, la cohabitation de plusieurs bases militaires \u00e9trang\u00e8res dans un si petit espace refl\u00e8te son importance strat\u00e9gique et ses relations internationales diversifi\u00e9es.<\/p>\n\n\n\n<p>Les investissements de Djibouti dans les secteurs sociaux tels que la sant\u00e9, l&#8217;\u00e9ducation, la solidarit\u00e9, ainsi que la protection des femmes et de la famille, illustrent clairement son engagement en faveur du d\u00e9veloppement du capital humain.<\/p>\n\n\n\n<p>Ainsi, notre pays s\u2019est engag\u00e9 depuis longtemps \u00e0 am\u00e9liorer l&#8217;acc\u00e8s aux soins, avec des programmes de sant\u00e9 publique et des infrastructures m\u00e9dicales renforc\u00e9es en renfor\u00e7ant la mise en place de centres m\u00e9dicaux modernes et multipliant les campagnes de sensibilisation contribuant \u00e0 accro\u00eetre l&#8217;esp\u00e9rance de vie car une population en bonne sant\u00e9 est essentielle pour un avenir prosp\u00e8re.<\/p>\n\n\n\n<p>Par ailleurs, Djibouti met l\u2019accent sur l&#8217;\u00e9ducation universelle en construisant davantage d&#8217;\u00e9coles et en investissant dans la formation des enseignants. L&#8217;acc\u00e8s accru \u00e0 l&#8217;\u00e9ducation permet de d\u00e9velopper les comp\u00e9tences des citoyens, pr\u00e9parant une main-d&#8217;\u0153uvre qualifi\u00e9e pour r\u00e9pondre aux d\u00e9fis \u00e9conomiques.<\/p>\n\n\n\n<p>D\u2019autres part, les initiatives de protection sociale et de soutien aux communaut\u00e9s vuln\u00e9rables, telles que les filets de s\u00e9curit\u00e9 ou les programmes de micro finance, encouragent l&#8217;inclusion et renforcent le tissu social. Ces efforts permettent \u00e9galement de r\u00e9duire les \u00e9carts sociaux.<\/p>\n\n\n\n<p>Enfin, des lois et politiques d\u00e9di\u00e9es \u00e0 la promotion des droits des femmes et \u00e0 leur autonomisation sont \u00e9t\u00e9 entrepris et des mesures pour prot\u00e9ger les familles, comme les services de garde et les programmes de soutien familial ont \u00e9t\u00e9 mis sur pied renfor\u00e7ant ainsi la stabilit\u00e9 et l&#8217;\u00e9galit\u00e9 dans la soci\u00e9t\u00e9.<\/p>\n\n\n\n<p>Ces investissements sont une d\u00e9claration forte de Djibouti, montrant qu&#8217;il place le d\u00e9veloppement humain au c\u0153ur de sa strat\u00e9gie nationale. Ils t\u00e9moignent d&#8217;une vision o\u00f9 le bien-\u00eatre des citoyens est consid\u00e9r\u00e9 comme la cl\u00e9 d&#8217;un d\u00e9veloppement durable et d&#8217;une soci\u00e9t\u00e9 \u00e9panouie.<\/p>\n\n\n\n<p>Le d\u00e9veloppement de l&#8217;\u00e9conomie num\u00e9rique \u00e0 Djibouti joue un r\u00f4le cl\u00e9 dans la diversification \u00e9conomique du pays en exploitant son potentiel technologique et en stimulant divers secteurs comme la cr\u00e9ation de nouvelles industries et l\u2019\u00e9mergence de secteurs tels que les technologies de l\u2019information et de la communication, le commerce \u00e9lectronique et les services financiers num\u00e9riques.<\/p>\n\n\n\n<p>De plus, les plateformes num\u00e9riques et les outils technologiques permettent aux entreprises locales d\u2019am\u00e9liorer leur productivit\u00e9, d\u2019acc\u00e9der \u00e0 de nouveaux march\u00e9s et de r\u00e9duire leurs co\u00fbts op\u00e9rationnels.<\/p>\n\n\n\n<p>Ensuite, en investissant dans la formation et l&#8217;\u00e9ducation num\u00e9rique, Djibouti s\u2019engage \u00e0 d\u00e9velopper une main-d&#8217;\u0153uvre qualifi\u00e9e, capable de r\u00e9pondre aux besoins d&#8217;une \u00e9conomie num\u00e9rique en pleine croissance. Ainsi, le d\u00e9veloppement d\u2019infrastructure num\u00e9rique solide et des politiques favorables vont attirer des investisseurs \u00e9trangers int\u00e9ress\u00e9s par les opportunit\u00e9s dans les secteurs technologiques et num\u00e9riques.<\/p>\n\n\n\n<p>En outre, l\u2019accroissement de services financiers num\u00e9riques, tels que les paiements mobiles, ont contribu\u00e9 \u00e0 am\u00e9liorer l&#8217;acc\u00e8s aux services financiers pour les populations marginalis\u00e9es, favorisant ainsi une croissance \u00e9conomique inclusive.<\/p>\n\n\n\n<p>Des initiatives comme le programme &#8220;Smart Nation&#8221; et le Diagnostic de l&#8217;\u00c9conomie Num\u00e9rique de Djibouti (DECA) montrent d\u00e9j\u00e0 l&#8217;engagement du gouvernement \u00e0 piloter cette transformation. Ces efforts, combin\u00e9s \u00e0 une collaboration entre le secteur public et priv\u00e9, peuvent acc\u00e9l\u00e9rer la diversification \u00e9conomique et renforcer la r\u00e9silience du pays face aux d\u00e9fis \u00e9conomiques mondiaux.<\/p>\n\n\n\n<p>Djibouti a su d\u00e9velopper la bonne gouvernance et am\u00e9liorer les services sociaux de base gr\u00e2ce \u00e0 des initiatives strat\u00e9giques et des projets cibl\u00e9s \u00e0 travers notamment l\u2019Initiative Nationale pour le D\u00e9veloppement Social (INDS) con\u00e7u pour promouvoir la transparence, la responsabilit\u00e9 et l\u2019efficacit\u00e9 dans la gestion des fonds publics en renfor\u00e7ant les capacit\u00e9s institutionnelles et humaine pour une gouvernance responsable.<\/p>\n\n\n\n<p>Des efforts ont \u00e9t\u00e9 faits pour renforcer le contrat social entre les citoyens et les institutions publiques \u00e0 travers la mise en place de projets de r\u00e9silience communautaires avec une meilleure transparence et un engagement accrue des communaut\u00e9s surtout les femmes et les jeunes.<\/p>\n\n\n\n<p>Par ailleurs, le Fonds Social de D\u00e9veloppement a permis de r\u00e9duire la pauvret\u00e9 en am\u00e9liorant l&#8217;acc\u00e8s aux services sociaux de base et en soutenant les activit\u00e9s g\u00e9n\u00e9ratrices de revenus. Ce projet a \u00e9galement renforc\u00e9 les capacit\u00e9s institutionnelles pour r\u00e9pondre aux besoins des populations vuln\u00e9rables.<\/p>\n\n\n\n<p>Enfin, pour lutter contre les formes de corruption end\u00e9miques, des m\u00e9canismes de coordination et des strat\u00e9gies nationales ont \u00e9t\u00e9 mis en place pour am\u00e9liorer la transparence et r\u00e9duire les in\u00e9galit\u00e9s. Cela inclut la num\u00e9risation des processus pour une gestion plus efficace.<\/p>\n\n\n\n<p>Ces efforts t\u00e9moignent de l&#8217;engagement de Djibouti \u00e0 construire une soci\u00e9t\u00e9 plus \u00e9quitable et \u00e0 renforcer la confiance entre les citoyens et leurs institutions.<\/p>\n\n\n\n<p>En somme, dirig\u00e9 par S.E. M. Ismail Omar Guelleh, le Rassemblement Populaire pour le Progr\u00e8s s&#8217;engage r\u00e9solument \u00e0 poursuivre l&#8217;\u0153uvre de transformation et de progr\u00e8s pour notre nation, avec l&#8217;ambition ferme de b\u00e2tir un avenir meilleur pour tous les Djiboutiens. Ensemble, main dans la main, nous continuerons \u00e0 construire un Djibouti uni, solidaire, et en pleine marche vers l&#8217;\u00e9mergence.<\/p>\n","protected":false},"excerpt":{"rendered":"<p>Vision et Ambitions du Rassemblement Populaire pour le Progr\u00e8s et de son Pr\u00e9sident S.E. M. Ismail Omar Guelleh Le Rassemblement Populaire pour le Progr\u00e8s (RPP), h\u00e9ritier des mouvements nationaux qui ont vaillamment lutt\u00e9 pour l\u2019ind\u00e9pendance de notre patrie, a, depuis sa cr\u00e9ation en 1979, su unir et int\u00e9grer toutes les forces vives de la Nation. [&hellip;]<\/p>\n","protected":false},"author":1,"featured_media":0,"parent":0,"menu_order":0,"comment_status":"closed","ping_status":"closed","template":"","meta":{"_monsterinsights_skip_tracking":false,"_monsterinsights_sitenote_active":false,"_monsterinsights_sitenote_note":"","_monsterinsights_sitenote_category":0,"footnotes":""},"class_list":["post-293","page","type-page","status-publish","hentry"],"_links":{"self":[{"href":"https:\/\/rppconnect.org\/index.php?rest_route=\/wp\/v2\/pages\/293","targetHints":{"allow":["GET"]}}],"collection":[{"href":"https:\/\/rppconnect.org\/index.php?rest_route=\/wp\/v2\/pages"}],"about":[{"href":"https:\/\/rppconnect.org\/index.php?rest_route=\/wp\/v2\/types\/page"}],"author":[{"embeddable":true,"href":"https:\/\/rppconnect.org\/index.php?rest_route=\/wp\/v2\/users\/1"}],"replies":[{"embeddable":true,"href":"https:\/\/rppconnect.org\/index.php?rest_route=%2Fwp%2Fv2%2Fcomments&post=293"}],"version-history":[{"count":5,"href":"https:\/\/rppconnect.org\/index.php?rest_route=\/wp\/v2\/pages\/293\/revisions"}],"predecessor-version":[{"id":382,"href":"https:\/\/rppconnect.org\/index.php?rest_route=\/wp\/v2\/pages\/293\/revisions\/382"}],"wp:attachment":[{"href":"https:\/\/rppconnect.org\/index.php?rest_route=%2Fwp%2Fv2%2Fmedia&parent=293"}],"curies":[{"name":"wp","href":"https:\/\/api.w.org\/{rel}","templated":true}]}}