{"id":68,"date":"2024-09-16T19:37:15","date_gmt":"2024-09-16T17:37:15","guid":{"rendered":"https:\/\/rppconnect.org\/?page_id=68"},"modified":"2024-09-16T19:55:32","modified_gmt":"2024-09-16T17:55:32","slug":"mediatheque","status":"publish","type":"page","link":"https:\/\/rppconnect.org\/?page_id=68","title":{"rendered":"La M\u00e9diath\u00e8que"},"content":{"rendered":"\n<h2 class=\"wp-block-heading\"><strong>M\u00e9diath\u00e8que<\/strong><\/h2>\n\n\n\n<p>Bienvenue dans la M\u00e9diath\u00e8que du Rassemblement Populaire pour le Progr\u00e8s (RPP). Cette section rassemble des documents cl\u00e9s qui illustrent notre histoire, notre vision et notre action pour le d\u00e9veloppement de Djibouti. Vous y trouverez des ressources essentielles telles que le journal <em>Le Progr\u00e8s<\/em>, des images historiques et actuelles du parti, ainsi que des documents officiels<\/p>\n\n\n\n<h2 class=\"wp-block-heading\"><strong>Journal <em>Le Progr\u00e8s<\/em><\/strong><\/h2>\n\n\n\n<p>Retrouvez toutes les \u00e9ditions du journal <em>Le Progr\u00e8s<\/em>, le bulletin officiel du RPP, qui informe sur l&#8217;actualit\u00e9 politique, les initiatives du parti, et les enjeux nationaux et internationaux qui concernent notre pays. Consultez les archives pour revivre les moments forts de l\u2019histoire de Djibouti \u00e0 travers les publications du parti.<\/p>\n\n\n\n<div class=\"wp-block-buttons is-layout-flex wp-block-buttons-is-layout-flex\">\n<div class=\"wp-block-button is-style-outline is-style-outline--1\"><a class=\"wp-block-button__link has-vivid-green-cyan-background-color has-background wp-element-button\">En savoir plus<\/a><\/div>\n<\/div>\n\n\n\n<h3 class=\"wp-block-heading\"><strong>images du Parti<\/strong><\/h3>\n\n\n\n<p class=\"has-white-background-color has-background\">Plongez dans l\u2019histoire visuelle du RPP \u00e0 travers notre galerie d\u2019images. Des photographies historiques aux moments marquants des \u00e9v\u00e9nements r\u00e9cents, cette collection illustre le parcours et l&#8217;engagement du RPP pour Djibouti. D\u00e9couvrez les images des campagnes, des rassemblements, et des rencontres internationales qui refl\u00e8tent la vitalit\u00e9 et l&#8217;engagement de notre parti.<\/p>\n\n\n\n<div class=\"wp-block-buttons is-layout-flex wp-block-buttons-is-layout-flex\">\n<div class=\"wp-block-button\"><a class=\"wp-block-button__link has-vivid-green-cyan-background-color has-background wp-element-button\">En savoir plus<\/a><\/div>\n<\/div>\n\n\n\n<h3 class=\"wp-block-heading\"><strong>Documents Officiels<\/strong><\/h3>\n\n\n\n<p>Acc\u00e9dez aux documents officiels du RPP, incluant nos statuts, r\u00e8glements int\u00e9rieurs, et autres publications institutionnelles. Ces documents r\u00e9gissent notre fonctionnement et refl\u00e8tent nos valeurs fondamentales de justice, de solidarit\u00e9 et de d\u00e9veloppement. Ils sont disponibles en t\u00e9l\u00e9chargement pour plus de transparence et d&#8217;information \u00e0 l&#8217;\u00e9gard de nos membres et sympathisants.<\/p>\n\n\n\n<div class=\"wp-block-buttons is-layout-flex wp-block-buttons-is-layout-flex\">\n<div class=\"wp-block-button\"><a class=\"wp-block-button__link has-vivid-green-cyan-background-color has-background wp-element-button\">En savoir plus<\/a><\/div>\n<\/div>\n","protected":false},"excerpt":{"rendered":"<p>M\u00e9diath\u00e8que Bienvenue dans la M\u00e9diath\u00e8que du Rassemblement Populaire pour le Progr\u00e8s (RPP). Cette section rassemble des documents cl\u00e9s qui illustrent notre histoire, notre vision et notre action pour le d\u00e9veloppement de Djibouti. Vous y trouverez des ressources essentielles telles que le journal Le Progr\u00e8s, des images historiques et actuelles du parti, ainsi que des documents [&hellip;]<\/p>\n","protected":false},"author":1,"featured_media":0,"parent":0,"menu_order":0,"comment_status":"closed","ping_status":"closed","template":"","meta":{"_monsterinsights_skip_tracking":false,"_monsterinsights_sitenote_active":false,"_monsterinsights_sitenote_note":"","_monsterinsights_sitenote_category":0,"footnotes":""},"class_list":["post-68","page","type-page","status-publish","hentry"],"_links":{"self":[{"href":"https:\/\/rppconnect.org\/index.php?rest_route=\/wp\/v2\/pages\/68","targetHints":{"allow":["GET"]}}],"collection":[{"href":"https:\/\/rppconnect.org\/index.php?rest_route=\/wp\/v2\/pages"}],"about":[{"href":"https:\/\/rppconnect.org\/index.php?rest_route=\/wp\/v2\/types\/page"}],"author":[{"embeddable":true,"href":"https:\/\/rppconnect.org\/index.php?rest_route=\/wp\/v2\/users\/1"}],"replies":[{"embeddable":true,"href":"https:\/\/rppconnect.org\/index.php?rest_route=%2Fwp%2Fv2%2Fcomments&post=68"}],"version-history":[{"count":2,"href":"https:\/\/rppconnect.org\/index.php?rest_route=\/wp\/v2\/pages\/68\/revisions"}],"predecessor-version":[{"id":75,"href":"https:\/\/rppconnect.org\/index.php?rest_route=\/wp\/v2\/pages\/68\/revisions\/75"}],"wp:attachment":[{"href":"https:\/\/rppconnect.org\/index.php?rest_route=%2Fwp%2Fv2%2Fmedia&parent=68"}],"curies":[{"name":"wp","href":"https:\/\/api.w.org\/{rel}","templated":true}]}}